{"id":423,"date":"2022-03-24T13:46:34","date_gmt":"2022-03-24T12:46:34","guid":{"rendered":"http:\/\/dr-nina-moll.de\/?page_id=423"},"modified":"2025-12-20T17:27:33","modified_gmt":"2025-12-20T16:27:33","slug":"schonendes-bleaching","status":"publish","type":"page","link":"https:\/\/dr-nina-moll.de\/ihre-zahnaerztin-in-wachtendonk\/schonendes-bleaching\/","title":{"rendered":"Schonendes Bleaching"},"content":{"rendered":"\t\t<div data-elementor-type=\"wp-page\" data-elementor-id=\"423\" class=\"elementor elementor-423\">\n\t\t\t\t\t\t<section class=\"elementor-section elementor-top-section elementor-element elementor-element-e6f80a8 elementor-section-full_width elementor-section-height-default elementor-section-height-default\" data-id=\"e6f80a8\" data-element_type=\"section\" data-e-type=\"section\">\n\t\t\t\t\t\t\t<div class=\"elementor-background-overlay\"><\/div>\n\t\t\t\t\t\t\t<div class=\"elementor-container elementor-column-gap-default\">\n\t\t\t\t\t<div class=\"elementor-column elementor-col-100 elementor-top-column elementor-element elementor-element-0ab6cf0\" data-id=\"0ab6cf0\" data-element_type=\"column\" data-e-type=\"column\">\n\t\t\t<div class=\"elementor-widget-wrap elementor-element-populated\">\n\t\t\t\t\t\t<div class=\"elementor-element elementor-element-274fed9 animated-slow elementor-invisible elementor-widget elementor-widget-heading\" data-id=\"274fed9\" data-element_type=\"widget\" data-e-type=\"widget\" data-settings=\"{&quot;_animation&quot;:&quot;zoomIn&quot;}\" data-widget_type=\"heading.default\">\n\t\t\t\t<div class=\"elementor-widget-container\">\n\t\t\t\t\t<h2 class=\"elementor-heading-title elementor-size-default\">Schonendes Bleaching<\/h2>\t\t\t\t<\/div>\n\t\t\t\t<\/div>\n\t\t\t\t\t<\/div>\n\t\t<\/div>\n\t\t\t\t\t<\/div>\n\t\t<\/section>\n\t\t\t\t<section class=\"elementor-section elementor-top-section elementor-element elementor-element-29b4480 elementor-section-full_width elementor-section-height-default elementor-section-height-default\" data-id=\"29b4480\" data-element_type=\"section\" data-e-type=\"section\" data-settings=\"{&quot;background_background&quot;:&quot;classic&quot;}\">\n\t\t\t\t\t\t\t<div class=\"elementor-background-overlay\"><\/div>\n\t\t\t\t\t\t\t<div class=\"elementor-container elementor-column-gap-default\">\n\t\t\t\t\t<div class=\"elementor-column elementor-col-50 elementor-top-column elementor-element elementor-element-7fc6140\" data-id=\"7fc6140\" data-element_type=\"column\" data-e-type=\"column\">\n\t\t\t<div class=\"elementor-widget-wrap elementor-element-populated\">\n\t\t\t\t\t\t<div class=\"elementor-element elementor-element-9cc3199 elementor-widget elementor-widget-text-editor\" data-id=\"9cc3199\" data-element_type=\"widget\" data-e-type=\"widget\" data-widget_type=\"text-editor.default\">\n\t\t\t\t<div class=\"elementor-widget-container\">\n\t\t\t\t\t\t\t\t\t<p class=\"fusion-responsive-typography-calculated\" data-fontsize=\"28\" data-lineheight=\"31.64px\"><strong>BLEACHING<\/strong><\/p><p>Fr\u00fcher war alles besser? Aber zumindest meine Z\u00e4hne waren wei\u00dfer? Das ist nicht ungew\u00f6hnlich, denn Z\u00e4hne werden mit zunehmendem Alter dunkler. Manche Menschen wiederum haben schon immer etwas dunklere Z\u00e4hne und w\u00fcnschen sich seit jeher ein strahlenderes Wei\u00df. In beiden F\u00e4llen kommt das sogenannte Bleaching zum Einsatz.<\/p><p>Manchmal reicht schon eine professionelle Zahnreinigung, um Verschmutzungen auf der Zahnoberfl\u00e4che zu beseitigen und die Z\u00e4hne aufzuhellen. Aufwendiger wird es bei Verf\u00e4rbungen innerhalb der Zahnsubstanz. Diese Pigmente k\u00f6nnen durch ein Bleaching reduziert werden.<\/p>\t\t\t\t\t\t\t\t<\/div>\n\t\t\t\t<\/div>\n\t\t\t\t\t<\/div>\n\t\t<\/div>\n\t\t\t\t<div class=\"elementor-column elementor-col-50 elementor-top-column elementor-element elementor-element-d83f6c7\" data-id=\"d83f6c7\" data-element_type=\"column\" data-e-type=\"column\">\n\t\t\t<div class=\"elementor-widget-wrap elementor-element-populated\">\n\t\t\t\t\t\t<div class=\"elementor-element elementor-element-4f04ae1 elementor-widget elementor-widget-image\" data-id=\"4f04ae1\" data-element_type=\"widget\" data-e-type=\"widget\" data-widget_type=\"image.default\">\n\t\t\t\t<div class=\"elementor-widget-container\">\n\t\t\t\t\t\t\t\t\t\t\t\t\t\t\t<img fetchpriority=\"high\" decoding=\"async\" width=\"1024\" height=\"580\" src=\"https:\/\/dr-nina-moll.de\/wp-content\/uploads\/2022\/04\/Bleaching-1024x580.jpg\" class=\"attachment-large size-large wp-image-922\" alt=\"\" srcset=\"https:\/\/dr-nina-moll.de\/wp-content\/uploads\/2022\/04\/Bleaching-1024x580.jpg 1024w, https:\/\/dr-nina-moll.de\/wp-content\/uploads\/2022\/04\/Bleaching-300x170.jpg 300w, https:\/\/dr-nina-moll.de\/wp-content\/uploads\/2022\/04\/Bleaching-768x435.jpg 768w, https:\/\/dr-nina-moll.de\/wp-content\/uploads\/2022\/04\/Bleaching.jpg 1417w\" sizes=\"(max-width: 1024px) 100vw, 1024px\" \/>\t\t\t\t\t\t\t\t\t\t\t\t\t\t\t<\/div>\n\t\t\t\t<\/div>\n\t\t\t\t\t<\/div>\n\t\t<\/div>\n\t\t\t\t\t<\/div>\n\t\t<\/section>\n\t\t\t\t<section class=\"elementor-section elementor-top-section elementor-element elementor-element-a19ddc7 elementor-section-full_width elementor-section-height-default elementor-section-height-default\" data-id=\"a19ddc7\" data-element_type=\"section\" data-e-type=\"section\" data-settings=\"{&quot;background_background&quot;:&quot;classic&quot;}\">\n\t\t\t\t\t\t\t<div class=\"elementor-background-overlay\"><\/div>\n\t\t\t\t\t\t\t<div class=\"elementor-container elementor-column-gap-default\">\n\t\t\t\t\t<div class=\"elementor-column elementor-col-100 elementor-top-column elementor-element elementor-element-3acd6f3\" data-id=\"3acd6f3\" data-element_type=\"column\" data-e-type=\"column\">\n\t\t\t<div class=\"elementor-widget-wrap elementor-element-populated\">\n\t\t\t\t\t\t<div class=\"elementor-element elementor-element-f2fe9ad elementor-widget elementor-widget-text-editor\" data-id=\"f2fe9ad\" data-element_type=\"widget\" data-e-type=\"widget\" data-widget_type=\"text-editor.default\">\n\t\t\t\t<div class=\"elementor-widget-container\">\n\t\t\t\t\t\t\t\t\t<p><strong>WAS IST BLEACHING?<\/strong><\/p><p>Unter Bleaching versteht man ein schonendes Verfahren zur Aufhellung der Zahnsubstanz. Dabei wird ein hochkonzentriertes Bleichgel mit Wasserstoffperoxid oder Carbamidperoxid auf die Z\u00e4hne aufgetragen. Auch abgestorbene, abgedunkelte Z\u00e4hne (zum Beispiel nach einer Wurzelbehandlung) kann man mit einem internen Bleaching wieder aufhellen.<\/p><p>Voraussetzung sind allerdings gesunde und saubere Z\u00e4hne sowie ein entz\u00fcndungsfreies Zahnfleisch. Daher k\u00f6nnen wir das Bleaching erst beginnen, wenn eine professionelle Zahnreinigung stattgefunden hat.<\/p><p>Bleaching kommt nicht in Frage bei Z\u00e4hnen mit unbehandelter Karies oder defekten F\u00fcllungen, da das Bleichmittel Zahnschmerzen oder sogar bleibenden Schaden am Zahn verursachen kann.<\/p>\t\t\t\t\t\t\t\t<\/div>\n\t\t\t\t<\/div>\n\t\t\t\t\t<\/div>\n\t\t<\/div>\n\t\t\t\t\t<\/div>\n\t\t<\/section>\n\t\t\t\t<section class=\"elementor-section elementor-top-section elementor-element elementor-element-807d690 elementor-section-full_width elementor-section-height-default elementor-section-height-default\" data-id=\"807d690\" data-element_type=\"section\" data-e-type=\"section\" data-settings=\"{&quot;background_background&quot;:&quot;classic&quot;}\">\n\t\t\t\t\t\t\t<div class=\"elementor-background-overlay\"><\/div>\n\t\t\t\t\t\t\t<div class=\"elementor-container elementor-column-gap-default\">\n\t\t\t\t\t<div class=\"elementor-column elementor-col-100 elementor-top-column elementor-element elementor-element-1a5396a\" data-id=\"1a5396a\" data-element_type=\"column\" data-e-type=\"column\">\n\t\t\t<div class=\"elementor-widget-wrap elementor-element-populated\">\n\t\t\t\t\t\t<div class=\"elementor-element elementor-element-b3d82c5 elementor-widget elementor-widget-text-editor\" data-id=\"b3d82c5\" data-element_type=\"widget\" data-e-type=\"widget\" data-widget_type=\"text-editor.default\">\n\t\t\t\t<div class=\"elementor-widget-container\">\n\t\t\t\t\t\t\t\t\t<p><strong>HOME- ODER OFFICE-BLEACHING<\/strong><\/p><p>Speziell auf Ihre Bed\u00fcrfnisse angepasst, bieten wir Ihnen Home- oder Office-Bleaching (auch Power-Bleaching genannt) an. Das Office-Bleaching f\u00fchren wir mit hochkonzentrierten Gelen unter fachlicher Aufsicht in der Praxis durch. Beim Home-Bleaching nehmen Sie eine individuelle Schiene mit nach Hause, mit der Sie nach genauer Unterweisung durch unser Team das Bleichgel gezielt auf die Z\u00e4hne aufbringen.<\/p>\t\t\t\t\t\t\t\t<\/div>\n\t\t\t\t<\/div>\n\t\t\t\t\t<\/div>\n\t\t<\/div>\n\t\t\t\t\t<\/div>\n\t\t<\/section>\n\t\t\t\t<\/div>\n\t\t","protected":false},"excerpt":{"rendered":"<p>Schonendes Bleaching BLEACHING Fr\u00fcher war alles besser? Aber zumindest meine Z\u00e4hne waren wei\u00dfer? Das ist nicht ungew\u00f6hnlich, denn Z\u00e4hne werden mit zunehmendem Alter dunkler. Manche Menschen wiederum haben schon immer etwas dunklere Z\u00e4hne und w\u00fcnschen sich seit jeher ein strahlenderes Wei\u00df. In beiden F\u00e4llen kommt das sogenannte Bleaching zum Einsatz. Manchmal reicht schon eine professionelle [&hellip;]<\/p>\n","protected":false},"author":1,"featured_media":0,"parent":0,"menu_order":0,"comment_status":"closed","ping_status":"closed","template":"","meta":{"ocean_post_layout":"full-screen","ocean_both_sidebars_style":"","ocean_both_sidebars_content_width":0,"ocean_both_sidebars_sidebars_width":0,"ocean_sidebar":"0","ocean_second_sidebar":"0","ocean_disable_margins":"enable","ocean_add_body_class":"","ocean_shortcode_before_top_bar":"","ocean_shortcode_after_top_bar":"","ocean_shortcode_before_header":"","ocean_shortcode_after_header":"","ocean_has_shortcode":"","ocean_shortcode_after_title":"","ocean_shortcode_before_footer_widgets":"","ocean_shortcode_after_footer_widgets":"","ocean_shortcode_before_footer_bottom":"","ocean_shortcode_after_footer_bottom":"","ocean_display_top_bar":"default","ocean_display_header":"default","ocean_header_style":"","ocean_center_header_left_menu":"0","ocean_custom_header_template":"0","ocean_custom_logo":0,"ocean_custom_retina_logo":0,"ocean_custom_logo_max_width":0,"ocean_custom_logo_tablet_max_width":0,"ocean_custom_logo_mobile_max_width":0,"ocean_custom_logo_max_height":0,"ocean_custom_logo_tablet_max_height":0,"ocean_custom_logo_mobile_max_height":0,"ocean_header_custom_menu":"0","ocean_menu_typo_font_family":"0","ocean_menu_typo_font_subset":"","ocean_menu_typo_font_size":0,"ocean_menu_typo_font_size_tablet":0,"ocean_menu_typo_font_size_mobile":0,"ocean_menu_typo_font_size_unit":"px","ocean_menu_typo_font_weight":"","ocean_menu_typo_font_weight_tablet":"","ocean_menu_typo_font_weight_mobile":"","ocean_menu_typo_transform":"","ocean_menu_typo_transform_tablet":"","ocean_menu_typo_transform_mobile":"","ocean_menu_typo_line_height":0,"ocean_menu_typo_line_height_tablet":0,"ocean_menu_typo_line_height_mobile":0,"ocean_menu_typo_line_height_unit":"","ocean_menu_typo_spacing":0,"ocean_menu_typo_spacing_tablet":0,"ocean_menu_typo_spacing_mobile":0,"ocean_menu_typo_spacing_unit":"","ocean_menu_link_color":"","ocean_menu_link_color_hover":"","ocean_menu_link_color_active":"","ocean_menu_link_background":"","ocean_menu_link_hover_background":"","ocean_menu_link_active_background":"","ocean_menu_social_links_bg":"","ocean_menu_social_hover_links_bg":"","ocean_menu_social_links_color":"","ocean_menu_social_hover_links_color":"","ocean_disable_title":"on","ocean_disable_heading":"default","ocean_post_title":"","ocean_post_subheading":"","ocean_post_title_style":"","ocean_post_title_background_color":"","ocean_post_title_background":0,"ocean_post_title_bg_image_position":"","ocean_post_title_bg_image_attachment":"","ocean_post_title_bg_image_repeat":"","ocean_post_title_bg_image_size":"","ocean_post_title_height":0,"ocean_post_title_bg_overlay":0.5,"ocean_post_title_bg_overlay_color":"","ocean_disable_breadcrumbs":"default","ocean_breadcrumbs_color":"","ocean_breadcrumbs_separator_color":"","ocean_breadcrumbs_links_color":"","ocean_breadcrumbs_links_hover_color":"","ocean_display_footer_widgets":"default","ocean_display_footer_bottom":"default","ocean_custom_footer_template":"0","footnotes":""},"class_list":["post-423","page","type-page","status-publish","hentry","entry"],"_links":{"self":[{"href":"https:\/\/dr-nina-moll.de\/ihre-zahnaerztin-in-wachtendonk\/wp-json\/wp\/v2\/pages\/423","targetHints":{"allow":["GET"]}}],"collection":[{"href":"https:\/\/dr-nina-moll.de\/ihre-zahnaerztin-in-wachtendonk\/wp-json\/wp\/v2\/pages"}],"about":[{"href":"https:\/\/dr-nina-moll.de\/ihre-zahnaerztin-in-wachtendonk\/wp-json\/wp\/v2\/types\/page"}],"author":[{"embeddable":true,"href":"https:\/\/dr-nina-moll.de\/ihre-zahnaerztin-in-wachtendonk\/wp-json\/wp\/v2\/users\/1"}],"replies":[{"embeddable":true,"href":"https:\/\/dr-nina-moll.de\/ihre-zahnaerztin-in-wachtendonk\/wp-json\/wp\/v2\/comments?post=423"}],"version-history":[{"count":56,"href":"https:\/\/dr-nina-moll.de\/ihre-zahnaerztin-in-wachtendonk\/wp-json\/wp\/v2\/pages\/423\/revisions"}],"predecessor-version":[{"id":3944,"href":"https:\/\/dr-nina-moll.de\/ihre-zahnaerztin-in-wachtendonk\/wp-json\/wp\/v2\/pages\/423\/revisions\/3944"}],"wp:attachment":[{"href":"https:\/\/dr-nina-moll.de\/ihre-zahnaerztin-in-wachtendonk\/wp-json\/wp\/v2\/media?parent=423"}],"curies":[{"name":"wp","href":"https:\/\/api.w.org\/{rel}","templated":true}]}}