{"id":1512,"date":"2023-05-26T13:54:30","date_gmt":"2023-05-26T11:54:30","guid":{"rendered":"https:\/\/dr-nina-moll.de\/?page_id=1512"},"modified":"2025-12-20T17:21:26","modified_gmt":"2025-12-20T16:21:26","slug":"zahnaerztin","status":"publish","type":"page","link":"https:\/\/dr-nina-moll.de\/ihre-zahnaerztin-in-wachtendonk\/zahnaerztin\/","title":{"rendered":"Zahn\u00e4rztin"},"content":{"rendered":"\t\t<div data-elementor-type=\"wp-page\" data-elementor-id=\"1512\" class=\"elementor elementor-1512\">\n\t\t\t\t\t\t<section class=\"elementor-section elementor-top-section elementor-element elementor-element-3fae7e3 elementor-section-full_width elementor-section-height-default elementor-section-height-default\" data-id=\"3fae7e3\" data-element_type=\"section\" data-e-type=\"section\">\n\t\t\t\t\t\t\t<div class=\"elementor-background-overlay\"><\/div>\n\t\t\t\t\t\t\t<div class=\"elementor-container elementor-column-gap-default\">\n\t\t\t\t\t<div class=\"elementor-column elementor-col-100 elementor-top-column elementor-element elementor-element-3593b2d\" data-id=\"3593b2d\" data-element_type=\"column\" data-e-type=\"column\">\n\t\t\t<div class=\"elementor-widget-wrap elementor-element-populated\">\n\t\t\t\t\t\t<div class=\"elementor-element elementor-element-7e8c26e animated-slow elementor-invisible elementor-widget elementor-widget-heading\" data-id=\"7e8c26e\" data-element_type=\"widget\" data-e-type=\"widget\" data-settings=\"{&quot;_animation&quot;:&quot;zoomIn&quot;}\" data-widget_type=\"heading.default\">\n\t\t\t\t<div class=\"elementor-widget-container\">\n\t\t\t\t\t<h2 class=\"elementor-heading-title elementor-size-default\">Dr. med. dent. Nina Moll<\/h2>\t\t\t\t<\/div>\n\t\t\t\t<\/div>\n\t\t\t\t\t<\/div>\n\t\t<\/div>\n\t\t\t\t\t<\/div>\n\t\t<\/section>\n\t\t\t\t<section class=\"elementor-section elementor-top-section elementor-element elementor-element-bc5f5a6 elementor-section-boxed elementor-section-height-default elementor-section-height-default\" data-id=\"bc5f5a6\" data-element_type=\"section\" data-e-type=\"section\">\n\t\t\t\t\t\t<div class=\"elementor-container elementor-column-gap-default\">\n\t\t\t\t\t<div class=\"elementor-column elementor-col-50 elementor-top-column elementor-element elementor-element-d72371d\" data-id=\"d72371d\" data-element_type=\"column\" data-e-type=\"column\">\n\t\t\t<div class=\"elementor-widget-wrap elementor-element-populated\">\n\t\t\t\t\t\t<div class=\"elementor-element elementor-element-06a685f elementor-widget elementor-widget-image\" data-id=\"06a685f\" data-element_type=\"widget\" data-e-type=\"widget\" data-widget_type=\"image.default\">\n\t\t\t\t<div class=\"elementor-widget-container\">\n\t\t\t\t\t\t\t\t\t\t\t\t\t\t\t<img fetchpriority=\"high\" decoding=\"async\" width=\"783\" height=\"1024\" src=\"https:\/\/dr-nina-moll.de\/wp-content\/uploads\/2025\/09\/IMG-20250916-WA0037-783x1024.jpg\" class=\"attachment-large size-large wp-image-3806\" alt=\"\" srcset=\"https:\/\/dr-nina-moll.de\/wp-content\/uploads\/2025\/09\/IMG-20250916-WA0037-783x1024.jpg 783w, https:\/\/dr-nina-moll.de\/wp-content\/uploads\/2025\/09\/IMG-20250916-WA0037-229x300.jpg 229w, https:\/\/dr-nina-moll.de\/wp-content\/uploads\/2025\/09\/IMG-20250916-WA0037-768x1004.jpg 768w, https:\/\/dr-nina-moll.de\/wp-content\/uploads\/2025\/09\/IMG-20250916-WA0037.jpg 1153w\" sizes=\"(max-width: 783px) 100vw, 783px\" \/>\t\t\t\t\t\t\t\t\t\t\t\t\t\t\t<\/div>\n\t\t\t\t<\/div>\n\t\t\t\t\t<\/div>\n\t\t<\/div>\n\t\t\t\t<div class=\"elementor-column elementor-col-50 elementor-top-column elementor-element elementor-element-736e60d\" data-id=\"736e60d\" data-element_type=\"column\" data-e-type=\"column\">\n\t\t\t<div class=\"elementor-widget-wrap elementor-element-populated\">\n\t\t\t\t\t\t<div class=\"elementor-element elementor-element-cd7bddb elementor-widget elementor-widget-text-editor\" data-id=\"cd7bddb\" data-element_type=\"widget\" data-e-type=\"widget\" data-widget_type=\"text-editor.default\">\n\t\t\t\t<div class=\"elementor-widget-container\">\n\t\t\t\t\t\t\t\t\t<ul><li>1992\u20131994 Friedrich-Alexander-Universit\u00e4t, Erlangen<\/li><li>1994\u20131997 Private Universit\u00e4t Witten\/Herdecke<\/li><li>1998 Promotion zum Dr. med. dent.<\/li><li>1998\u20132000 Assistenzzeit in Krefeld zur Erlangung der Niederlassungsberechtigung der Krankenkassen<\/li><li>1. April 2000 \u2014 Er\u00f6ffnung der eigenen Praxis in Wachtendonk<\/li><li>Umzug in die neuen Praxisr\u00e4ume am 1. Juni 2022<\/li><li>verheiratet und Mutter von drei S\u00f6hnen<\/li><li>begeisterte Musikerin (Cello)<\/li><\/ul><p>Meine T\u00e4tigkeit ist f\u00fcr mich Berufung. Ich stehe als Zahn\u00e4rztin meinen Patientinnen und Patienten bei ihren vielf\u00e4ltigen Bed\u00fcrfnissen und W\u00fcnschen mit Leidenschaft zur Seite und das seit vielen Jahren mit der Unterst\u00fctzung eines Teams von wunderbaren Frauen.<\/p>\t\t\t\t\t\t\t\t<\/div>\n\t\t\t\t<\/div>\n\t\t\t\t\t<\/div>\n\t\t<\/div>\n\t\t\t\t\t<\/div>\n\t\t<\/section>\n\t\t\t\t<\/div>\n\t\t","protected":false},"excerpt":{"rendered":"<p>Dr. med. dent. Nina Moll 1992\u20131994 Friedrich-Alexander-Universit\u00e4t, Erlangen 1994\u20131997 Private Universit\u00e4t Witten\/Herdecke 1998 Promotion zum Dr. med. dent. 1998\u20132000 Assistenzzeit in Krefeld zur Erlangung der Niederlassungsberechtigung der Krankenkassen 1. April 2000 \u2014 Er\u00f6ffnung der eigenen Praxis in Wachtendonk Umzug in die neuen Praxisr\u00e4ume am 1. Juni 2022 verheiratet und Mutter von drei S\u00f6hnen begeisterte Musikerin [&hellip;]<\/p>\n","protected":false},"author":1,"featured_media":0,"parent":0,"menu_order":0,"comment_status":"closed","ping_status":"closed","template":"","meta":{"ocean_post_layout":"full-screen","ocean_both_sidebars_style":"","ocean_both_sidebars_content_width":0,"ocean_both_sidebars_sidebars_width":0,"ocean_sidebar":"0","ocean_second_sidebar":"0","ocean_disable_margins":"enable","ocean_add_body_class":"","ocean_shortcode_before_top_bar":"","ocean_shortcode_after_top_bar":"","ocean_shortcode_before_header":"","ocean_shortcode_after_header":"","ocean_has_shortcode":"","ocean_shortcode_after_title":"","ocean_shortcode_before_footer_widgets":"","ocean_shortcode_after_footer_widgets":"","ocean_shortcode_before_footer_bottom":"","ocean_shortcode_after_footer_bottom":"","ocean_display_top_bar":"default","ocean_display_header":"default","ocean_header_style":"","ocean_center_header_left_menu":"0","ocean_custom_header_template":"0","ocean_custom_logo":0,"ocean_custom_retina_logo":0,"ocean_custom_logo_max_width":0,"ocean_custom_logo_tablet_max_width":0,"ocean_custom_logo_mobile_max_width":0,"ocean_custom_logo_max_height":0,"ocean_custom_logo_tablet_max_height":0,"ocean_custom_logo_mobile_max_height":0,"ocean_header_custom_menu":"0","ocean_menu_typo_font_family":"0","ocean_menu_typo_font_subset":"","ocean_menu_typo_font_size":0,"ocean_menu_typo_font_size_tablet":0,"ocean_menu_typo_font_size_mobile":0,"ocean_menu_typo_font_size_unit":"px","ocean_menu_typo_font_weight":"","ocean_menu_typo_font_weight_tablet":"","ocean_menu_typo_font_weight_mobile":"","ocean_menu_typo_transform":"","ocean_menu_typo_transform_tablet":"","ocean_menu_typo_transform_mobile":"","ocean_menu_typo_line_height":0,"ocean_menu_typo_line_height_tablet":0,"ocean_menu_typo_line_height_mobile":0,"ocean_menu_typo_line_height_unit":"","ocean_menu_typo_spacing":0,"ocean_menu_typo_spacing_tablet":0,"ocean_menu_typo_spacing_mobile":0,"ocean_menu_typo_spacing_unit":"","ocean_menu_link_color":"","ocean_menu_link_color_hover":"","ocean_menu_link_color_active":"","ocean_menu_link_background":"","ocean_menu_link_hover_background":"","ocean_menu_link_active_background":"","ocean_menu_social_links_bg":"","ocean_menu_social_hover_links_bg":"","ocean_menu_social_links_color":"","ocean_menu_social_hover_links_color":"","ocean_disable_title":"on","ocean_disable_heading":"default","ocean_post_title":"","ocean_post_subheading":"","ocean_post_title_style":"","ocean_post_title_background_color":"","ocean_post_title_background":0,"ocean_post_title_bg_image_position":"","ocean_post_title_bg_image_attachment":"","ocean_post_title_bg_image_repeat":"","ocean_post_title_bg_image_size":"","ocean_post_title_height":0,"ocean_post_title_bg_overlay":0.5,"ocean_post_title_bg_overlay_color":"","ocean_disable_breadcrumbs":"default","ocean_breadcrumbs_color":"","ocean_breadcrumbs_separator_color":"","ocean_breadcrumbs_links_color":"","ocean_breadcrumbs_links_hover_color":"","ocean_display_footer_widgets":"default","ocean_display_footer_bottom":"default","ocean_custom_footer_template":"0","footnotes":""},"class_list":["post-1512","page","type-page","status-publish","hentry","entry"],"_links":{"self":[{"href":"https:\/\/dr-nina-moll.de\/ihre-zahnaerztin-in-wachtendonk\/wp-json\/wp\/v2\/pages\/1512","targetHints":{"allow":["GET"]}}],"collection":[{"href":"https:\/\/dr-nina-moll.de\/ihre-zahnaerztin-in-wachtendonk\/wp-json\/wp\/v2\/pages"}],"about":[{"href":"https:\/\/dr-nina-moll.de\/ihre-zahnaerztin-in-wachtendonk\/wp-json\/wp\/v2\/types\/page"}],"author":[{"embeddable":true,"href":"https:\/\/dr-nina-moll.de\/ihre-zahnaerztin-in-wachtendonk\/wp-json\/wp\/v2\/users\/1"}],"replies":[{"embeddable":true,"href":"https:\/\/dr-nina-moll.de\/ihre-zahnaerztin-in-wachtendonk\/wp-json\/wp\/v2\/comments?post=1512"}],"version-history":[{"count":114,"href":"https:\/\/dr-nina-moll.de\/ihre-zahnaerztin-in-wachtendonk\/wp-json\/wp\/v2\/pages\/1512\/revisions"}],"predecessor-version":[{"id":3929,"href":"https:\/\/dr-nina-moll.de\/ihre-zahnaerztin-in-wachtendonk\/wp-json\/wp\/v2\/pages\/1512\/revisions\/3929"}],"wp:attachment":[{"href":"https:\/\/dr-nina-moll.de\/ihre-zahnaerztin-in-wachtendonk\/wp-json\/wp\/v2\/media?parent=1512"}],"curies":[{"name":"wp","href":"https:\/\/api.w.org\/{rel}","templated":true}]}}